{"id":9,"date":"2023-04-03T15:31:03","date_gmt":"2023-04-03T18:31:03","guid":{"rendered":"https:\/\/novaopcaomoveisusados.com.br\/?page_id=9"},"modified":"2025-09-23T18:24:32","modified_gmt":"2025-09-23T21:24:32","slug":"home","status":"publish","type":"page","link":"https:\/\/novaopcaomoveisusados.com.br\/","title":{"rendered":"Home"},"content":{"rendered":"<p>[et_pb_section fb_built=&#8221;1&#8243; fullwidth=&#8221;on&#8221; _builder_version=&#8221;4.20.2&#8243; _module_preset=&#8221;default&#8221; global_colors_info=&#8221;{}&#8221;][et_pb_fullwidth_image src=&#8221;https:\/\/novaopcaomoveisusados.com.br\/wp-content\/uploads\/2024\/07\/Banner-para-site-loja-de-moveis-online-marrom-e-bege.png&#8221; title_text=&#8221;Banner para site loja de m\u00f3veis online marrom e bege&#8221; _builder_version=&#8221;4.24.1&#8243; _module_preset=&#8221;default&#8221; custom_padding=&#8221;||52px|||&#8221; global_colors_info=&#8221;{}&#8221;][\/et_pb_fullwidth_image][\/et_pb_section][et_pb_section fb_built=&#8221;1&#8243; module_id=&#8221;quemsomos&#8221; _builder_version=&#8221;4.21.0&#8243; _module_preset=&#8221;default&#8221; background_enable_color=&#8221;off&#8221; custom_margin=&#8221;-43px|||||&#8221; custom_padding=&#8221;0px|||||&#8221; global_colors_info=&#8221;{}&#8221;][et_pb_row _builder_version=&#8221;4.24.1&#8243; _module_preset=&#8221;default&#8221; background_color=&#8221;#efefef&#8221; custom_padding=&#8221;|45px||45px|false|true&#8221; border_radii=&#8221;on|14px|14px|14px|14px&#8221; global_colors_info=&#8221;{}&#8221;][et_pb_column type=&#8221;4_4&#8243; _builder_version=&#8221;4.24.1&#8243; _module_preset=&#8221;default&#8221; global_colors_info=&#8221;{}&#8221;][et_pb_text _builder_version=&#8221;4.24.1&#8243; _module_preset=&#8221;default&#8221; global_colors_info=&#8221;{}&#8221;]<\/p>\n<h3 style=\"text-align: left;\"><span style=\"color: #000000;\"><strong>Compramos seus m\u00f3veis usados, pagamos o melhor pre\u00e7o, buscamos todo o DF<\/strong><\/span><\/h3>\n<h3 style=\"text-align: left;\"><span style=\"color: #000000;\"><strong>Ligue e comprove, temos o melhor pre\u00e7o.<\/strong> <i class=\"fa fa-whatsapp\" aria-hidden=\"true\"><\/i><\/span><\/h3>\n<h3>\u00a0<\/h3>\n<h3><span style=\"color: #000000;\"><strong><a style=\"color: #000000;\" href=\"tel:61992571428\">(61)99257-1428 <\/a><\/strong><\/span><\/h3>\n<h3><span style=\"color: #000000;\"><strong><a style=\"color: #000000;\" href=\"tel:6130422339\">(61)3042-2339<\/a><\/strong><\/span><\/h3>\n<p>[\/et_pb_text][\/et_pb_column][\/et_pb_row][et_pb_row _builder_version=&#8221;4.20.2&#8243; _module_preset=&#8221;default&#8221; custom_padding=&#8221;43px|||||&#8221; global_colors_info=&#8221;{}&#8221;][et_pb_column type=&#8221;4_4&#8243; _builder_version=&#8221;4.20.2&#8243; _module_preset=&#8221;default&#8221; global_colors_info=&#8221;{}&#8221;][et_pb_text _builder_version=&#8221;4.24.1&#8243; _module_preset=&#8221;default&#8221; custom_margin=&#8221;||5px|||&#8221; hover_enabled=&#8221;0&#8243; global_colors_info=&#8221;{}&#8221; sticky_enabled=&#8221;0&#8243;]<\/p>\n<h2><strong>Quem somos<\/strong><\/h2>\n<h3 style=\"text-align: center;\"><span style=\"color: #666666; font-size: 14px;\"><img decoding=\"async\" src=\"https:\/\/novaopcaomoveisusados.com.br\/wp-content\/uploads\/2025\/09\/990479be-3338-42be-ba33-ee7e004c12bb-1024x842.jpeg\" width=\"446\" height=\"367\" alt=\"\" class=\"wp-image-212 alignnone size-large\" \/><br \/>A Nova Op\u00e7\u00e3o M\u00f3veis \u00e9 uma empresa do segmento de compra e venda de m\u00f3veis e eletrodom\u00e9stico que busca como principal foco atender bem os seus clientes oferecendo-lhes sempre o melhor pre\u00e7o, seja na compra ou na venda de seus produtos.<\/span><\/h3>\n<p>&nbsp;<\/p>\n<p>Compramos m\u00f3veis usados e pagamos o melhor pre\u00e7o de Bras\u00edlia \u2013 DF<\/p>\n<p>Quer vender seu m\u00f3vel usado? N\u00f3s compramos, pagamos o melhor pre\u00e7o e buscamos no local m\u00f3veis em geral, Compro Geladeiras, Compramos Roupeiros, Compramos\u00a0Maquina de Lavar, Compramos\u00a0TV, Compro Micro-ondas, Compramos\u00a0Sof\u00e1, Compramos M\u00f3veis para Escrit\u00f3rios, Compramos M\u00f3veis usados em geral, or\u00e7amento sem compromisso pagamento a vista, pagamos o melhor pre\u00e7o e buscamos no local.<\/p>\n<p>Clique nos bot\u00f5es abaixo para solicitar um or\u00e7amento r\u00e1pido via WhatsApp para vender seus m\u00f3veis e eletrodom\u00e9sticos.<\/p>\n<h3><strong>\u00a0<\/strong><\/h3>\n<p style=\"text-align: center;\">[\/et_pb_text][et_pb_gallery _builder_version=&#8221;4.24.1&#8243; _module_preset=&#8221;default&#8221; gallery_ids=&#8221;213,214,215,216&#8243; show_title_and_caption=&#8221;off&#8221; hover_enabled=&#8221;0&#8243; sticky_enabled=&#8221;0&#8243;][\/et_pb_gallery][et_pb_button button_url=&#8221;https:\/\/api.whatsapp.com\/send\/?phone=5561992571428&#038;text=Ol%C3%A1%20gostaria%20de%20vender%20moveis&#8221; url_new_window=&#8221;on&#8221; button_text=&#8221;WhatsApp&#8221; button_alignment=&#8221;center&#8221; _builder_version=&#8221;4.24.1&#8243; _module_preset=&#8221;default&#8221; custom_button=&#8221;on&#8221; button_text_color=&#8221;#0c8916&#8243; button_icon=&#8221;&#xf232;||fa||400&#8243; global_colors_info=&#8221;{}&#8221;][\/et_pb_button][\/et_pb_column][\/et_pb_row][\/et_pb_section][et_pb_section fb_built=&#8221;1&#8243; module_id=&#8221;servicos&#8221; _builder_version=&#8221;4.24.1&#8243; _module_preset=&#8221;default&#8221; background_color=&#8221;#eaeaea&#8221; global_colors_info=&#8221;{}&#8221;][et_pb_row _builder_version=&#8221;4.24.1&#8243; _module_preset=&#8221;default&#8221; global_colors_info=&#8221;{}&#8221;][et_pb_column type=&#8221;4_4&#8243; _builder_version=&#8221;4.24.1&#8243; _module_preset=&#8221;default&#8221; global_colors_info=&#8221;{}&#8221;][et_pb_text _builder_version=&#8221;4.24.1&#8243; _module_preset=&#8221;default&#8221; custom_padding=&#8221;||1px|||&#8221; global_colors_info=&#8221;{}&#8221;]<\/p>\n<h1><strong>Compramos seu M\u00f3vel Usado<\/strong><\/h1>\n<p>[\/et_pb_text][\/et_pb_column][\/et_pb_row][et_pb_row _builder_version=&#8221;4.24.1&#8243; _module_preset=&#8221;default&#8221; global_colors_info=&#8221;{}&#8221;][et_pb_column type=&#8221;4_4&#8243; _builder_version=&#8221;4.24.1&#8243; _module_preset=&#8221;default&#8221; global_colors_info=&#8221;{}&#8221;][et_pb_text _builder_version=&#8221;4.24.1&#8243; _module_preset=&#8221;default&#8221; global_colors_info=&#8221;{}&#8221;]<\/p>\n<p style=\"text-align: justify;\"><span>Deseja vender seus m\u00f3veis usados? Compramos m\u00f3veis usados e pagamos o melhor pre\u00e7o de Bras\u00edlia \u2013 DF. M\u00f3veis de todos os estilos, comerciais e residenciais, m\u00f3veis de ambientes externos e internos, bem como m\u00f3veis para Escrit\u00f3rios, Guarda-Roupas, Arm\u00e1rios de Cozinha, Mesas, TV, Geladeira, Fog\u00f5es, M\u00e1quinas de Lavar e muito mais buscamos em seu domic\u00edlio.<\/span><\/p>\n<p style=\"text-align: justify;\">\n<p>[\/et_pb_text][et_pb_button button_url=&#8221;https:\/\/api.whatsapp.com\/send\/?phone=5561992571428&#038;text=Ol%C3%A1%20gostaria%20de%20vender%20moveis&#8221; url_new_window=&#8221;on&#8221; button_text=&#8221;WhatsApp&#8221; button_alignment=&#8221;center&#8221; _builder_version=&#8221;4.24.1&#8243; _module_preset=&#8221;default&#8221; custom_button=&#8221;on&#8221; button_text_color=&#8221;#0c8916&#8243; button_icon=&#8221;&#xf232;||fa||400&#8243; global_colors_info=&#8221;{}&#8221;][\/et_pb_button][\/et_pb_column][\/et_pb_row][\/et_pb_section][et_pb_section fb_built=&#8221;1&#8243; module_id=&#8221;contato&#8221; _builder_version=&#8221;4.21.0&#8243; _module_preset=&#8221;default&#8221; background_color=&#8221;#f4f4f4&#8243; global_colors_info=&#8221;{}&#8221;][et_pb_row _builder_version=&#8221;4.20.2&#8243; _module_preset=&#8221;default&#8221; global_colors_info=&#8221;{}&#8221;][et_pb_column type=&#8221;4_4&#8243; _builder_version=&#8221;4.20.2&#8243; _module_preset=&#8221;default&#8221; global_colors_info=&#8221;{}&#8221;][et_pb_text _builder_version=&#8221;4.20.2&#8243; _module_preset=&#8221;default&#8221; global_colors_info=&#8221;{}&#8221;]<\/p>\n<h2><strong>Contato<\/strong><\/h2>\n<p>&nbsp;<\/p>\n<p>&nbsp;<\/p>\n<p>[\/et_pb_text][\/et_pb_column][\/et_pb_row][et_pb_row column_structure=&#8221;1_3,1_3,1_3&#8243; _builder_version=&#8221;4.20.2&#8243; _module_preset=&#8221;default&#8221; global_colors_info=&#8221;{}&#8221;][et_pb_column type=&#8221;1_3&#8243; _builder_version=&#8221;4.20.2&#8243; _module_preset=&#8221;default&#8221; global_colors_info=&#8221;{}&#8221;][et_pb_blurb title=&#8221;(61) 99257-1428&#8243; url=&#8221;https:\/\/api.whatsapp.com\/send\/?phone=5561992571428&#038;text=Ol%C3%A1%20gostaria%20de%20vender%20meus%20moveis&#8221; use_icon=&#8221;on&#8221; font_icon=&#8221;&#xf232;||fa||400&#8243; icon_color=&#8221;#013576&#8243; _builder_version=&#8221;4.24.1&#8243; _module_preset=&#8221;default&#8221; text_orientation=&#8221;center&#8221; link_option_url=&#8221;https:\/\/api.whatsapp.com\/send\/?phone=5561992571428&#038;text=Ol%C3%A1%20gostaria%20de%20vender%20meus%20moveis&#8221; global_colors_info=&#8221;{}&#8221;][\/et_pb_blurb][\/et_pb_column][et_pb_column type=&#8221;1_3&#8243; _builder_version=&#8221;4.20.2&#8243; _module_preset=&#8221;default&#8221; global_colors_info=&#8221;{}&#8221;][et_pb_blurb title=&#8221;novaopcaomoveisusados@gmail.com&#8221; use_icon=&#8221;on&#8221; font_icon=&#8221;&#xe010;||divi||400&#8243; icon_color=&#8221;#013576&#8243; _builder_version=&#8221;4.24.1&#8243; _module_preset=&#8221;default&#8221; text_orientation=&#8221;center&#8221; link_option_url=&#8221;mail:novaopcaomoveisusados@gmail.com&#8221; global_colors_info=&#8221;{}&#8221;][\/et_pb_blurb][\/et_pb_column][et_pb_column type=&#8221;1_3&#8243; _builder_version=&#8221;4.20.2&#8243; _module_preset=&#8221;default&#8221; global_colors_info=&#8221;{}&#8221;][et_pb_blurb title=&#8221;QNC 10 LOTE 02 LOJA 03 &#8211; TAGUATINGA NORTE\/DF&#8221; url_new_window=&#8221;on&#8221; use_icon=&#8221;on&#8221; font_icon=&#8221;&#xf5a0;||fa||900&#8243; icon_color=&#8221;#013576&#8243; _builder_version=&#8221;4.24.1&#8243; _module_preset=&#8221;default&#8221; text_orientation=&#8221;center&#8221; link_option_url_new_window=&#8221;on&#8221; global_colors_info=&#8221;{}&#8221;][\/et_pb_blurb][\/et_pb_column][\/et_pb_row][et_pb_row _builder_version=&#8221;4.24.1&#8243; _module_preset=&#8221;default&#8221; global_colors_info=&#8221;{}&#8221;][et_pb_column type=&#8221;4_4&#8243; _builder_version=&#8221;4.24.1&#8243; _module_preset=&#8221;default&#8221; global_colors_info=&#8221;{}&#8221;][et_pb_code _builder_version=&#8221;4.24.1&#8243; _module_preset=&#8221;default&#8221; global_colors_info=&#8221;{}&#8221;]<iframe src=\"https:\/\/www.google.com\/maps\/embed?pb=!1m14!1m8!1m3!1d3838.608067081434!2d-48.063885!3d-15.824607!3m2!1i1024!2i768!4f13.1!3m3!1m2!1s0x935a32df3d900e9d%3A0xeb45c3b4e2d36e7d!2zTm92YSBPcMOnw6NvIE3Ds3ZlaXMgVXNhZG9z!5e0!3m2!1spt-BR!2sbr!4v1721761182016!5m2!1spt-BR!2sbr\" width=\"2000\" height=\"450\" style=\"border:0;\" allowfullscreen=\"\" loading=\"lazy\" referrerpolicy=\"no-referrer-when-downgrade\"><\/iframe>[\/et_pb_code][\/et_pb_column][\/et_pb_row][\/et_pb_section]<\/p>\n","protected":false},"excerpt":{"rendered":"<p>Compramos seus m\u00f3veis usados, pagamos o melhor pre\u00e7o, buscamos todo o DF Ligue e comprove, temos o melhor pre\u00e7o. \u00a0 (61)99257-1428 (61)3042-2339Quem somos A Nova Op\u00e7\u00e3o M\u00f3veis \u00e9 uma empresa do segmento de compra e venda de m\u00f3veis e eletrodom\u00e9stico que busca como principal foco atender bem os seus clientes oferecendo-lhes sempre o melhor pre\u00e7o, [&hellip;]<\/p>\n","protected":false},"author":4,"featured_media":0,"parent":0,"menu_order":0,"comment_status":"closed","ping_status":"closed","template":"","meta":{"_et_pb_use_builder":"on","_et_pb_old_content":"","_et_gb_content_width":"","footnotes":""},"class_list":["post-9","page","type-page","status-publish","hentry"],"_links":{"self":[{"href":"https:\/\/novaopcaomoveisusados.com.br\/index.php\/wp-json\/wp\/v2\/pages\/9","targetHints":{"allow":["GET"]}}],"collection":[{"href":"https:\/\/novaopcaomoveisusados.com.br\/index.php\/wp-json\/wp\/v2\/pages"}],"about":[{"href":"https:\/\/novaopcaomoveisusados.com.br\/index.php\/wp-json\/wp\/v2\/types\/page"}],"author":[{"embeddable":true,"href":"https:\/\/novaopcaomoveisusados.com.br\/index.php\/wp-json\/wp\/v2\/users\/4"}],"replies":[{"embeddable":true,"href":"https:\/\/novaopcaomoveisusados.com.br\/index.php\/wp-json\/wp\/v2\/comments?post=9"}],"version-history":[{"count":47,"href":"https:\/\/novaopcaomoveisusados.com.br\/index.php\/wp-json\/wp\/v2\/pages\/9\/revisions"}],"predecessor-version":[{"id":217,"href":"https:\/\/novaopcaomoveisusados.com.br\/index.php\/wp-json\/wp\/v2\/pages\/9\/revisions\/217"}],"wp:attachment":[{"href":"https:\/\/novaopcaomoveisusados.com.br\/index.php\/wp-json\/wp\/v2\/media?parent=9"}],"curies":[{"name":"wp","href":"https:\/\/api.w.org\/{rel}","templated":true}]}}